{"id":164,"date":"2023-02-28T13:27:36","date_gmt":"2023-02-28T13:27:36","guid":{"rendered":"https:\/\/eylmalimusavirlik.com\/?page_id=164"},"modified":"2023-02-28T18:40:57","modified_gmt":"2023-02-28T18:40:57","slug":"vergi-danismanligi","status":"publish","type":"page","link":"https:\/\/eylmalimusavirlik.com\/index.php\/vergi-danismanligi\/","title":{"rendered":"Vergi Dan\u0131\u015fmanl\u0131\u011f\u0131"},"content":{"rendered":"\n<p><br>Vergi dan\u0131\u015fmanl\u0131\u011f\u0131 hizmetleri, bir i\u015fletmenin vergi y\u00fck\u00fcml\u00fcl\u00fcklerinin yerine getirilmesi, vergi planlamas\u0131 ve vergi risklerinin y\u00f6netimi gibi bir dizi alanda destek sa\u011flamaktad\u0131r. A\u015fa\u011f\u0131da, EYL Mali M\u00fc\u015favirlik ve Denetim olarak &#8220;Vergi Dan\u0131\u015fmanl\u0131\u011f\u0131&#8221; hizmetleri kapsam\u0131nda sundu\u011fumuz hizmetler s\u0131ralanmaktad\u0131r:<\/p>\n\n\n\n<ul>\n<li>Vergi beyannamelerinin haz\u0131rlanmas\u0131 ve sunulmas\u0131<\/li>\n\n\n\n<li>Vergi planlamas\u0131 ve stratejik vergi y\u00f6netimi<\/li>\n\n\n\n<li>Vergi itirazlar\u0131 ve dava y\u00f6netimi<\/li>\n\n\n\n<li>Transfer fiyatland\u0131rmas\u0131 dan\u0131\u015fmanl\u0131\u011f\u0131<\/li>\n\n\n\n<li>KDV ve \u00d6TV dan\u0131\u015fmanl\u0131\u011f\u0131<\/li>\n\n\n\n<li>Vergi te\u015fvikleri ve te\u015fvik y\u00f6netimi<\/li>\n<\/ul>\n\n\n\n<p>EYL ekibi olarak, m\u00fc\u015fterilerimize t\u00fcm bu alanlarda uzmanla\u015fm\u0131\u015f dan\u0131\u015fmanlar taraf\u0131ndan sa\u011flanan vergi dan\u0131\u015fmanl\u0131\u011f\u0131m\u0131zla vergi mevzuat\u0131n\u0131n karma\u015f\u0131kl\u0131\u011f\u0131ndan kaynaklanabilecek sorunlar\u0131 en aza indirerek, i\u015fletmelerin vergi uyumlu\u011funu sa\u011flamalar\u0131na yard\u0131mc\u0131 oluyoruz.<br><br><\/p>\n","protected":false},"excerpt":{"rendered":"<p>Vergi dan\u0131\u015fmanl\u0131\u011f\u0131 hizmetleri, bir i\u015fletmenin vergi y\u00fck\u00fcml\u00fcl\u00fcklerinin yerine getirilmesi, vergi planlamas\u0131 ve vergi risklerinin y\u00f6netimi gibi bir dizi alanda destek sa\u011flamaktad\u0131r. A\u015fa\u011f\u0131da, EYL Mali M\u00fc\u015favirlik ve Denetim olarak &#8220;Vergi Dan\u0131\u015fmanl\u0131\u011f\u0131&#8221; hizmetleri kapsam\u0131nda sundu\u011fumuz hizmetler s\u0131ralanmaktad\u0131r: EYL ekibi olarak, m\u00fc\u015fterilerimize t\u00fcm bu alanlarda uzmanla\u015fm\u0131\u015f dan\u0131\u015fmanlar taraf\u0131ndan sa\u011flanan vergi dan\u0131\u015fmanl\u0131\u011f\u0131m\u0131zla vergi mevzuat\u0131n\u0131n karma\u015f\u0131kl\u0131\u011f\u0131ndan kaynaklanabilecek sorunlar\u0131 en aza indirerek, i\u015fletmelerin vergi uyumlu\u011funu sa\u011flamalar\u0131na yard\u0131mc\u0131 oluyoruz.<\/p>\n","protected":false},"author":1,"featured_media":167,"parent":0,"menu_order":0,"comment_status":"closed","ping_status":"closed","template":"","meta":{"_mi_skip_tracking":false,"_joinchat":[]},"aioseo_notices":[],"_links":{"self":[{"href":"https:\/\/eylmalimusavirlik.com\/index.php\/wp-json\/wp\/v2\/pages\/164"}],"collection":[{"href":"https:\/\/eylmalimusavirlik.com\/index.php\/wp-json\/wp\/v2\/pages"}],"about":[{"href":"https:\/\/eylmalimusavirlik.com\/index.php\/wp-json\/wp\/v2\/types\/page"}],"author":[{"embeddable":true,"href":"https:\/\/eylmalimusavirlik.com\/index.php\/wp-json\/wp\/v2\/users\/1"}],"replies":[{"embeddable":true,"href":"https:\/\/eylmalimusavirlik.com\/index.php\/wp-json\/wp\/v2\/comments?post=164"}],"version-history":[{"count":2,"href":"https:\/\/eylmalimusavirlik.com\/index.php\/wp-json\/wp\/v2\/pages\/164\/revisions"}],"predecessor-version":[{"id":182,"href":"https:\/\/eylmalimusavirlik.com\/index.php\/wp-json\/wp\/v2\/pages\/164\/revisions\/182"}],"wp:featuredmedia":[{"embeddable":true,"href":"https:\/\/eylmalimusavirlik.com\/index.php\/wp-json\/wp\/v2\/media\/167"}],"wp:attachment":[{"href":"https:\/\/eylmalimusavirlik.com\/index.php\/wp-json\/wp\/v2\/media?parent=164"}],"curies":[{"name":"wp","href":"https:\/\/api.w.org\/{rel}","templated":true}]}}