{"id":176,"date":"2023-02-28T18:38:14","date_gmt":"2023-02-28T18:38:14","guid":{"rendered":"https:\/\/eylmalimusavirlik.com\/?page_id=176"},"modified":"2023-02-28T18:40:07","modified_gmt":"2023-02-28T18:40:07","slug":"bagimsiz-denetim","status":"publish","type":"page","link":"https:\/\/eylmalimusavirlik.com\/index.php\/bagimsiz-denetim\/","title":{"rendered":"Ba\u011f\u0131ms\u0131z Denetim"},"content":{"rendered":"\n<p><\/p>\n\n\n\n<p>Ba\u011f\u0131ms\u0131z denetim, \u015firketlerin finansal tablolar\u0131n\u0131n do\u011frulu\u011funu ve g\u00fcvenilirli\u011fini tespit etmek amac\u0131yla, ba\u011f\u0131ms\u0131z bir uzman taraf\u0131ndan yap\u0131lan bir inceleme ve de\u011ferlendirme s\u00fcrecidir. Ba\u011f\u0131ms\u0131z denetim hizmeti, \u015firketlerin finansal tablolar\u0131n\u0131n yan\u0131 s\u0131ra, i\u00e7 kontrol sistemleri, risk y\u00f6netimi ve di\u011fer finansal ve operasyonel s\u00fcre\u00e7lerin de de\u011ferlendirilmesini i\u00e7erebilir. Bu hizmet, \u015firketlerin finansal tablolar\u0131n\u0131n do\u011fru ve g\u00fcvenilir oldu\u011funu teyit etmek i\u00e7in yap\u0131l\u0131r. <br>EYL Mali M\u00fc\u015favirlik ve Denetim olarak a\u015fa\u011f\u0131da Ba\u011f\u0131ms\u0131z Denetim alan\u0131nda sundu\u011fumuz hizmetler listelenmi\u015ftir:<\/p>\n\n\n\n<ul>\n<li>Finansal tablo denetimi: \u015eirketlerin finansal tablolar\u0131n\u0131n do\u011frulu\u011funu ve g\u00fcvenilirli\u011fini tespit etmek i\u00e7in yap\u0131lan denetimdir. Bu hizmet, ba\u011f\u0131ms\u0131z bir uzman\u0131n finansal tablolar\u0131 analiz etmesi, finansal raporlar\u0131n do\u011frulu\u011funu do\u011frulamas\u0131 ve finansal verilerin yasalara, d\u00fczenlemelere ve standartlara uygunlu\u011funu de\u011ferlendirmesi ile ger\u00e7ekle\u015ftirilir.<\/li>\n\n\n\n<li>\u0130\u00e7 kontrol de\u011ferlendirmesi: \u015eirketlerin i\u00e7 kontrol sistemlerini de\u011ferlendirmek i\u00e7in yap\u0131lan bir hizmettir. Bu hizmet, \u015firketin finansal i\u015flemlerini kontrol etmek i\u00e7in kullan\u0131lan s\u00fcre\u00e7leri ve y\u00f6ntemleri analiz ederek, risklerin belirlenmesi, kontrollerin etkinli\u011fi ve verimlili\u011fi hakk\u0131nda bir de\u011ferlendirme yap\u0131lmas\u0131n\u0131 sa\u011flar.<\/li>\n\n\n\n<li>Uyum denetimi: \u015eirketlerin, yasalara, d\u00fczenlemelere ve standartlara uygun hareket edip etmedi\u011fini belirlemek i\u00e7in yap\u0131lan bir hizmettir. Bu hizmet, yasalara, d\u00fczenlemelere ve standartlara uygunlu\u011fun kontrol edilmesi, eksikliklerin belirlenmesi ve gerekli d\u00fczeltici eylemlerin \u00f6nerilmesiyle ger\u00e7ekle\u015ftirilir.<\/li>\n\n\n\n<li>Performans denetimi: \u015eirketlerin, belirli bir s\u00fcre boyunca ger\u00e7ekle\u015ftirdi\u011fi faaliyetlerin ve performans\u0131n\u0131n de\u011ferlendirilmesi i\u00e7in yap\u0131lan bir hizmettir. Bu hizmet, \u015firketin finansal ve operasyonel performans\u0131n\u0131 analiz ederek, iyile\u015ftirme \u00f6nerileri sunar.<\/li>\n\n\n\n<li>Vergi denetimi: \u015eirketlerin vergi beyannamelerinin do\u011frulu\u011funu ve uygunlu\u011funu kontrol etmek i\u00e7in yap\u0131lan bir hizmettir. Bu hizmet, vergi beyannamelerinin do\u011frulu\u011funu do\u011frulama, vergi y\u00fck\u00fcml\u00fcl\u00fcklerinin yerine getirilip getirilmedi\u011fini belirleme ve vergi d\u00fczenlemelerine uygunlu\u011fun kontrol edilmesi ile ger\u00e7ekle\u015ftirilir.<\/li>\n\n\n\n<li>Di\u011fer dan\u0131\u015fmanl\u0131k hizmetleri: \u015eirketlere, finansal raporlama, risk y\u00f6netimi, i\u00e7 kontrol sistemleri, i\u015fletme performans\u0131 ve di\u011fer konularda dan\u0131\u015fmanl\u0131k hizmetleri de sunulmaktad\u0131r. Bu hizmetler, \u015firketlerin finansal y\u00f6netimi, risklerin y\u00f6netimi ve operasyonel s\u00fcre\u00e7lerin iyile\u015ftirilmesi gibi konularda destek sa\u011flar.<br><br><\/li>\n<\/ul>\n","protected":false},"excerpt":{"rendered":"<p>Ba\u011f\u0131ms\u0131z denetim, \u015firketlerin finansal tablolar\u0131n\u0131n do\u011frulu\u011funu ve g\u00fcvenilirli\u011fini tespit etmek amac\u0131yla, ba\u011f\u0131ms\u0131z bir uzman taraf\u0131ndan yap\u0131lan bir inceleme ve de\u011ferlendirme s\u00fcrecidir. Ba\u011f\u0131ms\u0131z denetim hizmeti, \u015firketlerin finansal tablolar\u0131n\u0131n yan\u0131 s\u0131ra, i\u00e7 kontrol sistemleri, risk y\u00f6netimi ve di\u011fer finansal ve operasyonel s\u00fcre\u00e7lerin de de\u011ferlendirilmesini i\u00e7erebilir. Bu hizmet, \u015firketlerin finansal tablolar\u0131n\u0131n do\u011fru ve g\u00fcvenilir oldu\u011funu teyit etmek i\u00e7in yap\u0131l\u0131r. EYL Mali M\u00fc\u015favirlik ve Denetim olarak a\u015fa\u011f\u0131da Ba\u011f\u0131ms\u0131z Denetim alan\u0131nda sundu\u011fumuz hizmetler listelenmi\u015ftir:<\/p>\n","protected":false},"author":1,"featured_media":0,"parent":0,"menu_order":0,"comment_status":"closed","ping_status":"closed","template":"","meta":{"_mi_skip_tracking":false,"_joinchat":[]},"aioseo_notices":[],"_links":{"self":[{"href":"https:\/\/eylmalimusavirlik.com\/index.php\/wp-json\/wp\/v2\/pages\/176"}],"collection":[{"href":"https:\/\/eylmalimusavirlik.com\/index.php\/wp-json\/wp\/v2\/pages"}],"about":[{"href":"https:\/\/eylmalimusavirlik.com\/index.php\/wp-json\/wp\/v2\/types\/page"}],"author":[{"embeddable":true,"href":"https:\/\/eylmalimusavirlik.com\/index.php\/wp-json\/wp\/v2\/users\/1"}],"replies":[{"embeddable":true,"href":"https:\/\/eylmalimusavirlik.com\/index.php\/wp-json\/wp\/v2\/comments?post=176"}],"version-history":[{"count":4,"href":"https:\/\/eylmalimusavirlik.com\/index.php\/wp-json\/wp\/v2\/pages\/176\/revisions"}],"predecessor-version":[{"id":181,"href":"https:\/\/eylmalimusavirlik.com\/index.php\/wp-json\/wp\/v2\/pages\/176\/revisions\/181"}],"wp:attachment":[{"href":"https:\/\/eylmalimusavirlik.com\/index.php\/wp-json\/wp\/v2\/media?parent=176"}],"curies":[{"name":"wp","href":"https:\/\/api.w.org\/{rel}","templated":true}]}}