{"id":183,"date":"2023-02-28T18:47:27","date_gmt":"2023-02-28T18:47:27","guid":{"rendered":"https:\/\/eylmalimusavirlik.com\/?page_id=183"},"modified":"2023-02-28T18:48:04","modified_gmt":"2023-02-28T18:48:04","slug":"mali-danismanlik","status":"publish","type":"page","link":"https:\/\/eylmalimusavirlik.com\/index.php\/mali-danismanlik\/","title":{"rendered":"Mali Dan\u0131\u015fmanl\u0131k"},"content":{"rendered":"\n<p><br>Mali dan\u0131\u015fmanl\u0131k hizmeti, \u015firketlere finansal y\u00f6netim, stratejik planlama, b\u00fct\u00e7eleme, nakit y\u00f6netimi, yat\u0131r\u0131m analizi, bor\u00e7 y\u00f6netimi, vergi planlamas\u0131 ve di\u011fer mali konularda dan\u0131\u015fmanl\u0131k hizmetleri sunar. EYL Mali M\u00fc\u015favirlik &amp; Denetim olarak firmalara sundu\u011fumuz hizmetler a\u015fa\u011f\u0131da listelenmi\u015ftir:<\/p>\n\n\n\n<p>Verdi\u011fimiz Mali dan\u0131\u015fmanl\u0131k hizmetleri a\u015fa\u011f\u0131daki faaliyetleri kapsar:<\/p>\n\n\n\n<ul>\n<li><strong><em>Finansal y\u00f6netim dan\u0131\u015fmanl\u0131\u011f\u0131: <\/em><\/strong>\u015eirketlerin finansal y\u00f6netim s\u00fcre\u00e7lerini geli\u015ftirmeye y\u00f6nelik dan\u0131\u015fmanl\u0131k hizmetleri sunar. Bu hizmetler, finansal stratejilerin geli\u015ftirilmesi, b\u00fct\u00e7e ve nakit y\u00f6netimi, finansal performans \u00f6l\u00e7\u00fcm\u00fc ve raporlama gibi konular\u0131 i\u00e7erir.<\/li>\n\n\n\n<li><em><strong>Yat\u0131r\u0131m analizi:<\/strong><\/em> \u015eirketlerin yat\u0131r\u0131m kararlar\u0131n\u0131 etkileyen fakt\u00f6rleri analiz eder ve yat\u0131r\u0131m riski, getiri oranlar\u0131, \u00f6z kaynak maliyeti, sermaye yap\u0131s\u0131 ve finansal performans gibi konularda \u00f6neriler sunar.<\/li>\n\n\n\n<li><strong><em>Bor\u00e7 y\u00f6netimi:<\/em><\/strong> \u015eirketlerin bor\u00e7lanma ihtiya\u00e7lar\u0131n\u0131 belirler ve uygun bor\u00e7lanma kaynaklar\u0131na eri\u015fim sa\u011flar. Bu hizmet, bor\u00e7 stratejileri, faiz oranlar\u0131, vade yap\u0131s\u0131, bor\u00e7 geri \u00f6deme plan\u0131 gibi konularda dan\u0131\u015fmanl\u0131k sunar.<\/li>\n\n\n\n<li><strong><em>Vergi planlamas\u0131:<\/em><\/strong> \u015eirketlerin vergi y\u00fck\u00fcml\u00fcl\u00fcklerini minimize etmek ve vergi avantajlar\u0131ndan yararlanmak i\u00e7in stratejiler geli\u015ftirir. Bu hizmet, vergi planlama, vergi beyannamelerinin haz\u0131rlanmas\u0131, vergi denetimlerine haz\u0131rl\u0131k ve savunma gibi konular\u0131 i\u00e7erir.<\/li>\n\n\n\n<li><strong><em>Stratejik planlama:<\/em><\/strong> \u015eirketlerin uzun vadeli stratejilerini belirlemeye ve uygulamaya y\u00f6nelik dan\u0131\u015fmanl\u0131k hizmetleri sunar. Bu hizmet, \u015firketlerin i\u015f stratejilerini, performans hedeflerini, risklerini ve f\u0131rsatlar\u0131n\u0131 analiz ederek, \u00f6neriler sunar.<\/li>\n<\/ul>\n\n\n\n<p>Mali dan\u0131\u015fmanl\u0131k hizmetleri, \u015firketlerin finansal performanslar\u0131n\u0131 iyile\u015ftirmek ve mali risklerini y\u00f6netmek i\u00e7in \u00f6nemli bir rol oynar. Bu hizmetler, \u015firketlerin stratejik kararlar\u0131n\u0131 destekleyerek, uzun vadeli b\u00fcy\u00fcme ve s\u00fcrd\u00fcr\u00fclebilirlik hedeflerine ula\u015fmalar\u0131na yard\u0131mc\u0131 olur.<br><br><\/p>\n","protected":false},"excerpt":{"rendered":"<p>Mali dan\u0131\u015fmanl\u0131k hizmeti, \u015firketlere finansal y\u00f6netim, stratejik planlama, b\u00fct\u00e7eleme, nakit y\u00f6netimi, yat\u0131r\u0131m analizi, bor\u00e7 y\u00f6netimi, vergi planlamas\u0131 ve di\u011fer mali konularda dan\u0131\u015fmanl\u0131k hizmetleri sunar. EYL Mali M\u00fc\u015favirlik &amp; Denetim olarak firmalara sundu\u011fumuz hizmetler a\u015fa\u011f\u0131da listelenmi\u015ftir: Verdi\u011fimiz Mali dan\u0131\u015fmanl\u0131k hizmetleri a\u015fa\u011f\u0131daki faaliyetleri kapsar: Mali dan\u0131\u015fmanl\u0131k hizmetleri, \u015firketlerin finansal performanslar\u0131n\u0131 iyile\u015ftirmek ve mali risklerini y\u00f6netmek i\u00e7in \u00f6nemli bir rol oynar. Bu hizmetler, \u015firketlerin stratejik kararlar\u0131n\u0131 destekleyerek, uzun vadeli b\u00fcy\u00fcme ve s\u00fcrd\u00fcr\u00fclebilirlik hedeflerine ula\u015fmalar\u0131na yard\u0131mc\u0131 olur.<\/p>\n","protected":false},"author":1,"featured_media":0,"parent":0,"menu_order":0,"comment_status":"closed","ping_status":"closed","template":"","meta":{"_mi_skip_tracking":false,"_joinchat":[]},"aioseo_notices":[],"_links":{"self":[{"href":"https:\/\/eylmalimusavirlik.com\/index.php\/wp-json\/wp\/v2\/pages\/183"}],"collection":[{"href":"https:\/\/eylmalimusavirlik.com\/index.php\/wp-json\/wp\/v2\/pages"}],"about":[{"href":"https:\/\/eylmalimusavirlik.com\/index.php\/wp-json\/wp\/v2\/types\/page"}],"author":[{"embeddable":true,"href":"https:\/\/eylmalimusavirlik.com\/index.php\/wp-json\/wp\/v2\/users\/1"}],"replies":[{"embeddable":true,"href":"https:\/\/eylmalimusavirlik.com\/index.php\/wp-json\/wp\/v2\/comments?post=183"}],"version-history":[{"count":1,"href":"https:\/\/eylmalimusavirlik.com\/index.php\/wp-json\/wp\/v2\/pages\/183\/revisions"}],"predecessor-version":[{"id":184,"href":"https:\/\/eylmalimusavirlik.com\/index.php\/wp-json\/wp\/v2\/pages\/183\/revisions\/184"}],"wp:attachment":[{"href":"https:\/\/eylmalimusavirlik.com\/index.php\/wp-json\/wp\/v2\/media?parent=183"}],"curies":[{"name":"wp","href":"https:\/\/api.w.org\/{rel}","templated":true}]}}