{"id":203,"date":"2023-03-02T10:18:42","date_gmt":"2023-03-02T10:18:42","guid":{"rendered":"https:\/\/eylmalimusavirlik.com\/?page_id=203"},"modified":"2023-03-02T10:18:42","modified_gmt":"2023-03-02T10:18:42","slug":"muhasebe-ve-mali-isler-yonetimi","status":"publish","type":"page","link":"https:\/\/eylmalimusavirlik.com\/index.php\/muhasebe-ve-mali-isler-yonetimi\/","title":{"rendered":"Muhasebe ve Mali \u0130\u015fler Y\u00f6netimi"},"content":{"rendered":"\n<p><br>Muhasebe ve Mali \u0130\u015fler Y\u00f6netimi, \u015firketlerin finansal y\u00f6netim s\u00fcre\u00e7lerinde verimlili\u011fi art\u0131rmak, maliyetleri azaltmak ve finansal riskleri minimize etmek i\u00e7in sunulan hizmetlerdir. EYL Mali M\u00fc\u015favirlik ve Denetim olarak, \u015firketinizin finansal y\u00f6netim s\u00fcre\u00e7lerinde stratejik ve taktiksel karar verme s\u00fcre\u00e7lerine yard\u0131mc\u0131 oluruyoruz.<\/p>\n\n\n\n<p>EYL Muhasebe ve Mali \u0130\u015fler Y\u00f6netimi olarak verdi\u011fimiz hizmetleri a\u015fa\u011f\u0131daki faaliyetleri kapsar:<\/p>\n\n\n\n<ul>\n<li>Finansal planlama ve analiz: \u015eirketlerin finansal hedeflerini belirlemek ve bu hedeflere ula\u015fmak i\u00e7in stratejiler olu\u015fturmak i\u00e7in finansal planlama ve analiz hizmetleri sunar. Bu hizmet, b\u00fct\u00e7e planlama, maliyet analizi, finansal oran analizi ve varl\u0131k y\u00f6netimi gibi konular\u0131 i\u00e7erir.<\/li>\n\n\n\n<li>Nakit y\u00f6netimi: \u015eirketlerin nakit ak\u0131\u015flar\u0131n\u0131 y\u00f6netmek ve optimize etmek i\u00e7in nakit y\u00f6netimi hizmetleri sunar. Bu hizmet, nakit tahminleri, nakit ak\u0131\u015f y\u00f6netimi, likidite y\u00f6netimi ve nakit y\u00f6netimi stratejileri gibi konular\u0131 i\u00e7erir.<\/li>\n\n\n\n<li>Finansal raporlama ve dan\u0131\u015fmanl\u0131k: \u015eirketlerin finansal raporlama s\u00fcre\u00e7lerini iyile\u015ftirmek ve finansal performanslar\u0131n\u0131 analiz etmek i\u00e7in finansal raporlama ve dan\u0131\u015fmanl\u0131k hizmetleri sunar. Bu hizmet, finansal tablolar\u0131n haz\u0131rlanmas\u0131, mali raporlama standartlar\u0131na uygunlu\u011fun denetlenmesi, finansal raporlar\u0131n analizi ve finansal karar verme s\u00fcre\u00e7lerine dan\u0131\u015fmanl\u0131k gibi konular\u0131 i\u00e7erir.<\/li>\n\n\n\n<li>Vergi y\u00f6netimi: \u015eirketlerin vergi i\u015flemlerini y\u00f6netmek ve vergi y\u00fck\u00fcn\u00fc azaltmak i\u00e7in vergi y\u00f6netimi hizmetleri sunar. Bu hizmet, vergi planlamas\u0131, vergi beyannamelerinin haz\u0131rlanmas\u0131, vergi denetimleri, vergi ihtilaflar\u0131 ve yasal d\u00fczenlemeler gibi konular\u0131 i\u00e7erir.<\/li>\n\n\n\n<li>Mali i\u015flerin y\u00f6netimi: \u015eirketlerin mali i\u015flerini y\u00f6netmek ve s\u00fcre\u00e7leri optimize etmek i\u00e7in mali i\u015flerin y\u00f6netimi hizmetleri sunar. Bu hizmet, bor\u00e7 y\u00f6netimi, alacak y\u00f6netimi, risk y\u00f6netimi, maliyet y\u00f6netimi ve finansal analiz gibi konular\u0131 i\u00e7erir.<br><br><\/li>\n<\/ul>\n","protected":false},"excerpt":{"rendered":"<p>Muhasebe ve Mali \u0130\u015fler Y\u00f6netimi, \u015firketlerin finansal y\u00f6netim s\u00fcre\u00e7lerinde verimlili\u011fi art\u0131rmak, maliyetleri azaltmak ve finansal riskleri minimize etmek i\u00e7in sunulan hizmetlerdir. EYL Mali M\u00fc\u015favirlik ve Denetim olarak, \u015firketinizin finansal y\u00f6netim s\u00fcre\u00e7lerinde stratejik ve taktiksel karar verme s\u00fcre\u00e7lerine yard\u0131mc\u0131 oluruyoruz. EYL Muhasebe ve Mali \u0130\u015fler Y\u00f6netimi olarak verdi\u011fimiz hizmetleri a\u015fa\u011f\u0131daki faaliyetleri kapsar:<\/p>\n","protected":false},"author":1,"featured_media":0,"parent":0,"menu_order":0,"comment_status":"closed","ping_status":"closed","template":"","meta":{"_mi_skip_tracking":false,"_joinchat":[]},"aioseo_notices":[],"_links":{"self":[{"href":"https:\/\/eylmalimusavirlik.com\/index.php\/wp-json\/wp\/v2\/pages\/203"}],"collection":[{"href":"https:\/\/eylmalimusavirlik.com\/index.php\/wp-json\/wp\/v2\/pages"}],"about":[{"href":"https:\/\/eylmalimusavirlik.com\/index.php\/wp-json\/wp\/v2\/types\/page"}],"author":[{"embeddable":true,"href":"https:\/\/eylmalimusavirlik.com\/index.php\/wp-json\/wp\/v2\/users\/1"}],"replies":[{"embeddable":true,"href":"https:\/\/eylmalimusavirlik.com\/index.php\/wp-json\/wp\/v2\/comments?post=203"}],"version-history":[{"count":1,"href":"https:\/\/eylmalimusavirlik.com\/index.php\/wp-json\/wp\/v2\/pages\/203\/revisions"}],"predecessor-version":[{"id":205,"href":"https:\/\/eylmalimusavirlik.com\/index.php\/wp-json\/wp\/v2\/pages\/203\/revisions\/205"}],"wp:attachment":[{"href":"https:\/\/eylmalimusavirlik.com\/index.php\/wp-json\/wp\/v2\/media?parent=203"}],"curies":[{"name":"wp","href":"https:\/\/api.w.org\/{rel}","templated":true}]}}