{"id":207,"date":"2023-03-02T10:57:59","date_gmt":"2023-03-02T10:57:59","guid":{"rendered":"https:\/\/eylmalimusavirlik.com\/?page_id=207"},"modified":"2023-03-02T10:57:59","modified_gmt":"2023-03-02T10:57:59","slug":"kurumsal-hizmetler","status":"publish","type":"page","link":"https:\/\/eylmalimusavirlik.com\/index.php\/kurumsal-hizmetler\/","title":{"rendered":"Kurumsal Hizmetler"},"content":{"rendered":"\n<p><br><\/p>\n\n\n\n<p>Kurumsal Hizmetler, \u015firketlerin y\u00f6netim, organizasyon ve i\u015fletme s\u00fcre\u00e7lerini geli\u015ftirmelerine yard\u0131mc\u0131 olan hizmetlerdir. EYL Mali M\u00fc\u015favirlik &amp; Dan\u0131\u015fmanl\u0131k olarak \u015firketinizin daha iyi y\u00f6netilmesine, daha etkili bir \u015fekilde i\u015flemesine ve b\u00fcy\u00fcmesine yard\u0131mc\u0131 oluyoruz. Ayr\u0131ca, i\u015fletmenizin d\u00fczenleyici gereksinimlere uygunlu\u011funu sa\u011flamalar\u0131na ve risklerini y\u00f6netmelerine yard\u0131mc\u0131 oluyoruz.<\/p>\n\n\n\n<p>EYL olarak verdi\u011fimiz Kurumsal Hizmetlerin baz\u0131 \u00f6rnekleri \u015funlard\u0131r:<\/p>\n\n\n\n<ul>\n<li>Y\u00f6netim Dan\u0131\u015fmanl\u0131\u011f\u0131: \u015eirket y\u00f6neticilerine stratejik planlama, organizasyonel geli\u015fim, insan kaynaklar\u0131 y\u00f6netimi ve di\u011fer y\u00f6netim konular\u0131nda dan\u0131\u015fmanl\u0131k hizmetleri sunulur.<\/li>\n\n\n\n<li>Risk Y\u00f6netimi: \u015eirketlerin risklerini de\u011ferlendirmelerine, y\u00f6netmelerine ve azaltmalar\u0131na yard\u0131mc\u0131 olmak i\u00e7in risk y\u00f6netimi hizmetleri sunulur.<\/li>\n\n\n\n<li>D\u00fczenleyici Uyum: \u015eirketlerin yerel ve uluslararas\u0131 d\u00fczenleyici gereksinimlere uyum sa\u011flamalar\u0131na yard\u0131mc\u0131 olmak i\u00e7in hizmetler sunulur.<\/li>\n\n\n\n<li>\u0130\u00e7 Denetim: \u015eirketlerin i\u015f s\u00fcre\u00e7lerini ve y\u00f6netim sistemlerini denetleyerek, i\u015fletme performans\u0131n\u0131 art\u0131rmak ve risklerini azaltmak i\u00e7in hizmetler sunulur.<\/li>\n\n\n\n<li>Proje Y\u00f6netimi: \u015eirketlerin b\u00fcy\u00fck \u00f6l\u00e7ekli projelerinin y\u00f6netiminde dan\u0131\u015fmanl\u0131k ve destek hizmetleri sunulur.<\/li>\n<\/ul>\n\n\n\n<p><br><br><\/p>\n","protected":false},"excerpt":{"rendered":"<p>Kurumsal Hizmetler, \u015firketlerin y\u00f6netim, organizasyon ve i\u015fletme s\u00fcre\u00e7lerini geli\u015ftirmelerine yard\u0131mc\u0131 olan hizmetlerdir. EYL Mali M\u00fc\u015favirlik &amp; Dan\u0131\u015fmanl\u0131k olarak \u015firketinizin daha iyi y\u00f6netilmesine, daha etkili bir \u015fekilde i\u015flemesine ve b\u00fcy\u00fcmesine yard\u0131mc\u0131 oluyoruz. Ayr\u0131ca, i\u015fletmenizin d\u00fczenleyici gereksinimlere uygunlu\u011funu sa\u011flamalar\u0131na ve risklerini y\u00f6netmelerine yard\u0131mc\u0131 oluyoruz. EYL olarak verdi\u011fimiz Kurumsal Hizmetlerin baz\u0131 \u00f6rnekleri \u015funlard\u0131r:<\/p>\n","protected":false},"author":1,"featured_media":0,"parent":0,"menu_order":0,"comment_status":"closed","ping_status":"closed","template":"","meta":{"_mi_skip_tracking":false,"_joinchat":[]},"aioseo_notices":[],"_links":{"self":[{"href":"https:\/\/eylmalimusavirlik.com\/index.php\/wp-json\/wp\/v2\/pages\/207"}],"collection":[{"href":"https:\/\/eylmalimusavirlik.com\/index.php\/wp-json\/wp\/v2\/pages"}],"about":[{"href":"https:\/\/eylmalimusavirlik.com\/index.php\/wp-json\/wp\/v2\/types\/page"}],"author":[{"embeddable":true,"href":"https:\/\/eylmalimusavirlik.com\/index.php\/wp-json\/wp\/v2\/users\/1"}],"replies":[{"embeddable":true,"href":"https:\/\/eylmalimusavirlik.com\/index.php\/wp-json\/wp\/v2\/comments?post=207"}],"version-history":[{"count":1,"href":"https:\/\/eylmalimusavirlik.com\/index.php\/wp-json\/wp\/v2\/pages\/207\/revisions"}],"predecessor-version":[{"id":208,"href":"https:\/\/eylmalimusavirlik.com\/index.php\/wp-json\/wp\/v2\/pages\/207\/revisions\/208"}],"wp:attachment":[{"href":"https:\/\/eylmalimusavirlik.com\/index.php\/wp-json\/wp\/v2\/media?parent=207"}],"curies":[{"name":"wp","href":"https:\/\/api.w.org\/{rel}","templated":true}]}}