{"id":231,"date":"2023-03-02T11:27:18","date_gmt":"2023-03-02T11:27:18","guid":{"rendered":"https:\/\/eylmalimusavirlik.com\/?page_id=231"},"modified":"2023-03-02T11:27:19","modified_gmt":"2023-03-02T11:27:19","slug":"hizmetlerimiz","status":"publish","type":"page","link":"https:\/\/eylmalimusavirlik.com\/index.php\/hizmetlerimiz\/","title":{"rendered":"Hizmetlerimiz"},"content":{"rendered":"\n<p><br><strong>SMMM hizmetlerimiz, uzman kadromuz ve geni\u015f bir yelpazede sunulan hizmetlerimizle, m\u00fc\u015fterilerimize do\u011fru ve g\u00fcncel bilgi sa\u011flamay\u0131 hedeflemekteyiz.<\/strong><\/p>\n\n\n\n<div class=\"is-layout-constrained wp-container-49 wp-block-group\" style=\"padding-top:100px;padding-bottom:100px\">\n<div class=\"is-layout-flex wp-container-48 wp-block-columns\">\n<div class=\"is-layout-flow wp-block-column\">\n<div class=\"is-layout-flow wp-block-group\" style=\"margin-bottom:45px\">\n<div class=\"is-layout-flex wp-container-5 wp-block-columns\">\n<div class=\"is-layout-flow wp-block-column is-vertically-aligned-bottom\">\n<h2 class=\"has-text-align-center accountra-animate accountra-move-right accountra-delay-5 has-text-color\" style=\"color:#252425;font-size:26px;font-style:normal;font-weight:500\"><strong>Hangi Hizmetleri Sunuyoruz?<\/strong><\/h2>\n<\/div>\n\n\n\n<div class=\"is-layout-flow wp-block-column is-vertically-aligned-bottom\" style=\"flex-basis:500px\"><\/div>\n\n\n\n<div class=\"is-layout-flow wp-block-column is-vertically-aligned-bottom\" style=\"flex-basis:200px\">\n<div class=\"is-content-justification-right is-layout-flex wp-container-3 wp-block-buttons\"><\/div>\n<\/div>\n<\/div>\n<\/div>\n\n\n\n<div class=\"is-layout-flow wp-block-group\">\n<div class=\"is-layout-flex wp-container-25 wp-block-columns\">\n<div class=\"is-layout-flow wp-block-column is-style-default accountra-animate accountra-move-up accountra-delay-5\">\n<div class=\"is-layout-flow wp-block-group is-style-customboxshadow\" style=\"border-radius:8px;padding-top:30px;padding-right:25px;padding-bottom:30px;padding-left:30px\">\n<div class=\"is-layout-flex wp-container-10 wp-block-columns are-vertically-aligned-top\">\n<div class=\"is-layout-flow wp-block-column is-vertically-aligned-top\" style=\"flex-basis:20%\">\n<figure class=\"wp-block-image size-large is-resized\"><img decoding=\"async\" loading=\"lazy\" src=\"https:\/\/eylmalimusavirlik.com\/wp-content\/themes\/accountra\/assets\/img\/icon-wallet.webp\" alt=\"\" class=\"wp-image-68\" width=\"45\" height=\"43\"\/><\/figure>\n<\/div>\n\n\n\n<div class=\"is-layout-flow wp-block-column is-vertically-aligned-top\" style=\"flex-basis:90%\">\n<h5 class=\"has-text-color\" style=\"color:#252425;margin-top:0px;margin-right:0px;margin-bottom:20px;margin-left:0px;font-style:normal;font-weight:500\">Vergi Dan\u0131\u015fmanl\u0131\u011f\u0131<\/h5>\n\n\n\n<p class=\"accountra-margin-top-n10 has-forth-color has-text-color has-tiny-font-size\" style=\"font-style:normal;font-weight:300\">Vergi Dan\u0131\u015fmanl\u0131\u011f\u0131 hizmetlerimizle i\u015fletmenizin vergi y\u00fck\u00fcml\u00fcl\u00fcklerini yerine getirerek vergi uyumlu\u011funuzu sa\u011fl\u0131yor, risklerinizi minimize ediyor ve finansal ba\u015far\u0131n\u0131z\u0131 artt\u0131r\u0131yoruz.<\/p>\n\n\n\n<div class=\"is-content-justification-left is-layout-flex wp-container-8 wp-block-buttons\" style=\"margin-top:15px\">\n<div class=\"wp-block-button has-custom-font-size is-style-custombuttonfill is-style-custombuttontwo has-helvetica-arial-font-family\" style=\"font-size:14px\"><a class=\"wp-block-button__link has-secondary-color has-text-color has-background wp-element-button\" href=\"https:\/\/eylmalimusavirlik.com\/index.php\/vergi-danismanligi\/\" style=\"background-color:#ffbc0300;padding-top:0px;padding-right:0px;padding-bottom:0px;padding-left:0px\" target=\"_blank\" rel=\"noreferrer noopener\">DAHA FAZLA OKU<\/a><\/div>\n<\/div>\n<\/div>\n<\/div>\n<\/div>\n<\/div>\n\n\n\n<div class=\"is-layout-flow wp-block-column is-style-default accountra-animate accountra-move-up accountra-delay-7\">\n<div class=\"is-layout-flow wp-block-group is-style-customboxshadow\" style=\"border-radius:8px;padding-top:30px;padding-right:25px;padding-bottom:30px;padding-left:30px\">\n<div class=\"is-layout-flex wp-container-16 wp-block-columns are-vertically-aligned-top\">\n<div class=\"is-layout-flow wp-block-column is-vertically-aligned-top\" style=\"flex-basis:20%\">\n<figure class=\"wp-block-image size-full is-resized\"><img decoding=\"async\" loading=\"lazy\" src=\"https:\/\/eylmalimusavirlik.com\/wp-content\/themes\/accountra\/assets\/img\/icon-invoice.webp\" alt=\"\" class=\"wp-image-69\" width=\"45\" height=\"45\"\/><\/figure>\n<\/div>\n\n\n\n<div class=\"is-layout-flow wp-block-column is-vertically-aligned-top\" style=\"flex-basis:90%\">\n<h5 class=\"has-text-color has-small-font-size\" style=\"color:#252425;margin-top:0px;margin-right:0px;margin-bottom:20px;margin-left:0px;font-style:normal;font-weight:500\">Ba\u011f\u0131ms\u0131z Denetim<\/h5>\n\n\n\n<p class=\"accountra-margin-top-n10 has-forth-color has-text-color has-tiny-font-size\" style=\"font-style:normal;font-weight:300\">Ba\u011f\u0131ms\u0131z Denetim hizmetlerimiz, i\u015fletmenizin finansal tablolar\u0131n\u0131n g\u00fcvenilirli\u011fini artt\u0131rmak ve \u015feffafl\u0131k sa\u011flamak i\u00e7in uluslararas\u0131 standartlara uygun \u015fekilde ger\u00e7ekle\u015ftirilmektedir.<\/p>\n\n\n\n<div class=\"is-content-justification-left is-layout-flex wp-container-14 wp-block-buttons\" style=\"margin-top:15px\">\n<div class=\"wp-block-button has-custom-font-size is-style-custombuttonfill is-style-custombuttontwo has-helvetica-arial-font-family\" style=\"font-size:14px\"><a class=\"wp-block-button__link has-secondary-color has-text-color has-background wp-element-button\" href=\"https:\/\/eylmalimusavirlik.com\/index.php\/bagimsiz-denetim\/\" style=\"background-color:#ffbc0300;padding-top:0px;padding-right:0px;padding-bottom:0px;padding-left:0px\" target=\"_blank\" rel=\"noreferrer noopener\">DAHA FAZLA OKU<\/a><\/div>\n<\/div>\n<\/div>\n<\/div>\n<\/div>\n<\/div>\n\n\n\n<div class=\"is-layout-flow wp-block-column is-style-default accountra-animate accountra-move-up accountra-delay-10\">\n<div class=\"is-layout-flow wp-block-group is-style-customboxshadow\" style=\"border-radius:8px;padding-top:30px;padding-right:25px;padding-bottom:30px;padding-left:30px\">\n<div class=\"is-layout-flex wp-container-22 wp-block-columns are-vertically-aligned-top\">\n<div class=\"is-layout-flow wp-block-column is-vertically-aligned-top\" style=\"flex-basis:20%\">\n<figure class=\"wp-block-image size-full is-resized\"><img decoding=\"async\" loading=\"lazy\" src=\"https:\/\/eylmalimusavirlik.com\/wp-content\/themes\/accountra\/assets\/img\/icon-money-check.webp\" alt=\"\" class=\"wp-image-70\" width=\"45\" height=\"45\"\/><\/figure>\n<\/div>\n\n\n\n<div class=\"is-layout-flow wp-block-column is-vertically-aligned-top\" style=\"flex-basis:90%\">\n<h5 class=\"has-text-color has-small-font-size\" style=\"color:#252425;margin-top:0px;margin-right:0px;margin-bottom:20px;margin-left:0px;font-style:normal;font-weight:500\">Mali Dan\u0131\u015fmanl\u0131k <\/h5>\n\n\n\n<p class=\"accountra-margin-top-n10 has-forth-color has-text-color has-tiny-font-size\" style=\"font-style:normal;font-weight:300\">Mali Dan\u0131\u015fmanl\u0131k hizmetlerimizle, i\u015fletmenizin finansal y\u00f6netiminde do\u011fru stratejiler belirleyerek, mevzuata uygun bir \u015fekilde i\u015fletmenizin finansal verimlili\u011fini artt\u0131rman\u0131z\u0131 sa\u011fl\u0131yoruz.<\/p>\n\n\n\n<div class=\"is-content-justification-left is-layout-flex wp-container-20 wp-block-buttons\" style=\"margin-top:15px\">\n<div class=\"wp-block-button has-custom-font-size is-style-custombuttonfill is-style-custombuttontwo has-helvetica-arial-font-family\" style=\"font-size:14px\"><a class=\"wp-block-button__link has-secondary-color has-text-color has-background wp-element-button\" href=\"https:\/\/eylmalimusavirlik.com\/index.php\/mali-danismanlik\/\" style=\"background-color:#ffbc0300;padding-top:0px;padding-right:0px;padding-bottom:0px;padding-left:0px\" target=\"_blank\" rel=\"noreferrer noopener\">DAHA FAZLA OKU<\/a><\/div>\n<\/div>\n<\/div>\n<\/div>\n<\/div>\n<\/div>\n<\/div>\n<\/div>\n\n\n\n<div class=\"is-layout-flow wp-block-group\">\n<div class=\"is-layout-flex wp-container-45 wp-block-columns\">\n<div class=\"is-layout-flow wp-block-column is-style-default accountra-animate accountra-move-up accountra-delay-5\">\n<div class=\"is-layout-flow wp-block-group is-style-customboxshadow\" style=\"border-radius:8px;padding-top:30px;padding-right:25px;padding-bottom:30px;padding-left:30px\">\n<div class=\"is-layout-flex wp-container-30 wp-block-columns are-vertically-aligned-top\">\n<div class=\"is-layout-flow wp-block-column is-vertically-aligned-top\" style=\"flex-basis:20%\">\n<figure class=\"wp-block-image size-full is-resized\"><img decoding=\"async\" loading=\"lazy\" src=\"https:\/\/eylmalimusavirlik.com\/wp-content\/themes\/accountra\/assets\/img\/icon-hand-money.webp\" alt=\"\" class=\"wp-image-71\" width=\"45\" height=\"45\"\/><\/figure>\n<\/div>\n\n\n\n<div class=\"is-layout-flow wp-block-column is-vertically-aligned-top\" style=\"flex-basis:90%\">\n<h5 class=\"has-text-color has-small-font-size\" style=\"color:#252425;margin-top:0px;margin-right:0px;margin-bottom:20px;margin-left:0px;font-style:normal;font-weight:500\">Muhasebe Hizmetleri<\/h5>\n\n\n\n<p class=\"accountra-margin-top-n10 has-forth-color has-text-color has-tiny-font-size\" style=\"font-style:normal;font-weight:300\">Mali m\u00fc\u015favirlik &amp; Denetim hizmetlerimiz aras\u0131nda yer alan muhasebe hizmetleri, i\u015fletmenizin finansal i\u015flemlerinin do\u011fru bir \u015fekilde kaydedilmesini ve raporlanmas\u0131n\u0131 sa\u011flayarak, finansal verilerinizin do\u011fru, eksiksiz ve zaman\u0131nda olmas\u0131n\u0131 garanti alt\u0131na al\u0131yoruz.<\/p>\n\n\n\n<div class=\"is-content-justification-left is-layout-flex wp-container-28 wp-block-buttons\" style=\"margin-top:15px\">\n<div class=\"wp-block-button has-custom-font-size is-style-custombuttonfill is-style-custombuttontwo has-helvetica-arial-font-family\" style=\"font-size:14px\"><a class=\"wp-block-button__link has-secondary-color has-text-color has-background wp-element-button\" href=\"https:\/\/eylmalimusavirlik.com\/index.php\/muhasebe-hizmetleri\/\" style=\"background-color:#ffbc0300;padding-top:0px;padding-right:0px;padding-bottom:0px;padding-left:0px\" target=\"_blank\" rel=\"noreferrer noopener\">DAHA FAZLA OKU<\/a><\/div>\n<\/div>\n<\/div>\n<\/div>\n<\/div>\n<\/div>\n\n\n\n<div class=\"is-layout-flow wp-block-column is-style-default accountra-animate accountra-move-up accountra-delay-7\">\n<div class=\"is-layout-flow wp-block-group is-style-customboxshadow\" style=\"border-radius:8px;padding-top:30px;padding-right:25px;padding-bottom:30px;padding-left:30px\">\n<div class=\"is-layout-flex wp-container-36 wp-block-columns are-vertically-aligned-top\">\n<div class=\"is-layout-flow wp-block-column is-vertically-aligned-top\" style=\"flex-basis:20%\">\n<figure class=\"wp-block-image size-full is-resized\"><img decoding=\"async\" loading=\"lazy\" src=\"https:\/\/eylmalimusavirlik.com\/wp-content\/themes\/accountra\/assets\/img\/icon-box.webp\" alt=\"\" class=\"wp-image-72\" width=\"45\" height=\"45\"\/><\/figure>\n<\/div>\n\n\n\n<div class=\"is-layout-flow wp-block-column is-vertically-aligned-top\" style=\"flex-basis:90%\">\n<h5 class=\"has-text-color has-small-font-size\" style=\"color:#252425;margin-top:0px;margin-right:0px;margin-bottom:20px;margin-left:0px;font-style:normal;font-weight:500\">Muhasebe ve Mali \u0130\u015fler Y\u00f6netimi<\/h5>\n\n\n\n<p class=\"accountra-margin-top-n10 has-forth-color has-text-color has-tiny-font-size\" style=\"font-style:normal;font-weight:300\">EYL Mali M\u00fc\u015favirlik geni\u015f bir sekt\u00f6r yelpazesinde hizmet g\u00f6steren k\u00fc\u00e7\u00fck ve orta \u00f6l\u00e7ekli i\u015fletmelere, yeni kurulma a\u015famas\u0131nda ve \u015firketlerini b\u00fcy\u00fctme karar\u0131nda olan kuruculara, bilgi ve tecr\u00fcbesini inovasyon ile birle\u015ftirerek hizmet sunmaktan gurur duyuyoruz.<\/p>\n\n\n\n<div class=\"is-content-justification-left is-layout-flex wp-container-34 wp-block-buttons\" style=\"margin-top:15px\">\n<div class=\"wp-block-button has-custom-font-size is-style-custombuttonfill is-style-custombuttontwo has-helvetica-arial-font-family\" style=\"font-size:14px\"><a class=\"wp-block-button__link has-secondary-color has-text-color has-background wp-element-button\" href=\"https:\/\/eylmalimusavirlik.com\/index.php\/muhasebe-ve-mali-isler-yonetimi\/\" style=\"background-color:#ffbc0300;padding-top:0px;padding-right:0px;padding-bottom:0px;padding-left:0px\" target=\"_blank\" rel=\"noreferrer noopener\">DAHA FAZLA OKU<\/a><\/div>\n<\/div>\n<\/div>\n<\/div>\n<\/div>\n<\/div>\n\n\n\n<div class=\"is-layout-flow wp-block-column is-style-default accountra-animate accountra-move-up accountra-delay-10\">\n<div class=\"is-layout-flow wp-block-group is-style-customboxshadow\" style=\"border-radius:8px;padding-top:30px;padding-right:25px;padding-bottom:30px;padding-left:30px\">\n<div class=\"is-layout-flex wp-container-42 wp-block-columns are-vertically-aligned-top\">\n<div class=\"is-layout-flow wp-block-column is-vertically-aligned-top\" style=\"flex-basis:20%\">\n<figure class=\"wp-block-image size-full is-resized\"><img decoding=\"async\" loading=\"lazy\" src=\"https:\/\/eylmalimusavirlik.com\/wp-content\/themes\/accountra\/assets\/img\/icon-apartment.webp\" alt=\"\" class=\"wp-image-73\" width=\"45\" height=\"45\"\/><\/figure>\n<\/div>\n\n\n\n<div class=\"is-layout-flow wp-block-column is-vertically-aligned-top\" style=\"flex-basis:90%\">\n<h5 class=\"has-text-color has-small-font-size\" style=\"color:#252425;margin-top:0px;margin-right:0px;margin-bottom:20px;margin-left:0px;font-style:normal;font-weight:500\"><strong>Kurumsal Hizmetlerimiz<\/strong><\/h5>\n\n\n\n<p class=\"accountra-margin-top-n10 has-forth-color has-text-color has-tiny-font-size\" style=\"font-style:normal;font-weight:300\">Kurumsal \u00f6l\u00e7ekteki m\u00fc\u015fterilerimiz i\u00e7in \u00f6zel haz\u0131rlad\u0131\u011f\u0131m\u0131z Kurumsal hizmetleriyle i\u015fletmenizin dijital var\u015f\u0131\u011f\u0131n\u0131 en \u00fcst seviyede y\u00f6netmek ve b\u00fcy\u00fctmek i\u00e7in i\u015f orta\u011f\u0131n\u0131z olmaktan onur duyuyoruz.<\/p>\n\n\n\n<div class=\"is-content-justification-left is-layout-flex wp-container-40 wp-block-buttons\" style=\"margin-top:15px\">\n<div class=\"wp-block-button has-custom-font-size is-style-custombuttonfill is-style-custombuttontwo has-helvetica-arial-font-family\" style=\"font-size:14px\"><a class=\"wp-block-button__link has-secondary-color has-text-color has-background wp-element-button\" href=\"https:\/\/eylmalimusavirlik.com\/index.php\/kurumsal-hizmetler\/\" style=\"background-color:#ffbc0300;padding-top:0px;padding-right:0px;padding-bottom:0px;padding-left:0px\" target=\"_blank\" rel=\"noreferrer noopener\">DAHA FAZLA OKU<\/a><\/div>\n<\/div>\n<\/div>\n<\/div>\n<\/div>\n<\/div>\n<\/div>\n<\/div>\n<\/div>\n<\/div>\n<\/div>\n","protected":false},"excerpt":{"rendered":"<p>SMMM hizmetlerimiz, uzman kadromuz ve geni\u015f bir yelpazede sunulan hizmetlerimizle, m\u00fc\u015fterilerimize do\u011fru ve g\u00fcncel bilgi sa\u011flamay\u0131 hedeflemekteyiz. Hangi Hizmetleri Sunuyoruz? Vergi Dan\u0131\u015fmanl\u0131\u011f\u0131 Vergi Dan\u0131\u015fmanl\u0131\u011f\u0131 hizmetlerimizle i\u015fletmenizin vergi y\u00fck\u00fcml\u00fcl\u00fcklerini yerine getirerek vergi uyumlu\u011funuzu sa\u011fl\u0131yor, risklerinizi minimize ediyor ve finansal ba\u015far\u0131n\u0131z\u0131 artt\u0131r\u0131yoruz. Ba\u011f\u0131ms\u0131z Denetim Ba\u011f\u0131ms\u0131z Denetim hizmetlerimiz, i\u015fletmenizin finansal tablolar\u0131n\u0131n g\u00fcvenilirli\u011fini artt\u0131rmak ve \u015feffafl\u0131k sa\u011flamak i\u00e7in uluslararas\u0131 standartlara uygun \u015fekilde ger\u00e7ekle\u015ftirilmektedir. Mali Dan\u0131\u015fmanl\u0131k Mali Dan\u0131\u015fmanl\u0131k hizmetlerimizle, i\u015fletmenizin finansal y\u00f6netiminde do\u011fru stratejiler belirleyerek, mevzuata uygun bir \u015fekilde i\u015fletmenizin finansal verimlili\u011fini artt\u0131rman\u0131z\u0131 sa\u011fl\u0131yoruz. Muhasebe Hizmetleri Mali m\u00fc\u015favirlik &amp; Denetim hizmetlerimiz aras\u0131nda yer alan muhasebe hizmetleri, i\u015fletmenizin finansal i\u015flemlerinin do\u011fru bir \u015fekilde kaydedilmesini ve raporlanmas\u0131n\u0131<\/p>\n","protected":false},"author":1,"featured_media":0,"parent":0,"menu_order":0,"comment_status":"closed","ping_status":"closed","template":"","meta":{"_mi_skip_tracking":false,"_joinchat":[]},"aioseo_notices":[],"_links":{"self":[{"href":"https:\/\/eylmalimusavirlik.com\/index.php\/wp-json\/wp\/v2\/pages\/231"}],"collection":[{"href":"https:\/\/eylmalimusavirlik.com\/index.php\/wp-json\/wp\/v2\/pages"}],"about":[{"href":"https:\/\/eylmalimusavirlik.com\/index.php\/wp-json\/wp\/v2\/types\/page"}],"author":[{"embeddable":true,"href":"https:\/\/eylmalimusavirlik.com\/index.php\/wp-json\/wp\/v2\/users\/1"}],"replies":[{"embeddable":true,"href":"https:\/\/eylmalimusavirlik.com\/index.php\/wp-json\/wp\/v2\/comments?post=231"}],"version-history":[{"count":1,"href":"https:\/\/eylmalimusavirlik.com\/index.php\/wp-json\/wp\/v2\/pages\/231\/revisions"}],"predecessor-version":[{"id":232,"href":"https:\/\/eylmalimusavirlik.com\/index.php\/wp-json\/wp\/v2\/pages\/231\/revisions\/232"}],"wp:attachment":[{"href":"https:\/\/eylmalimusavirlik.com\/index.php\/wp-json\/wp\/v2\/media?parent=231"}],"curies":[{"name":"wp","href":"https:\/\/api.w.org\/{rel}","templated":true}]}}