{"id":242,"date":"2023-03-02T13:09:48","date_gmt":"2023-03-02T13:09:48","guid":{"rendered":"https:\/\/eylmalimusavirlik.com\/?page_id=242"},"modified":"2023-03-02T13:09:48","modified_gmt":"2023-03-02T13:09:48","slug":"guncel-bloglar","status":"publish","type":"page","link":"https:\/\/eylmalimusavirlik.com\/index.php\/guncel-bloglar\/","title":{"rendered":"G\u00fcncel Bloglar"},"content":{"rendered":"\n<main class=\"is-layout-constrained wp-block-group\" style=\"padding-top:100px;padding-bottom:100px\">\n<div class=\"is-layout-flow wp-block-query\">\n<h2 class=\"has-text-align-center accountra-animate accountra-move-up accountra-delay-3 has-text-color\" style=\"color:#252425;font-size:30px;font-style:normal;font-weight:500\">Blog &amp; Makaleler<\/h2>\n\n\n\n<div class=\"is-layout-constrained wp-container-1 wp-block-group accountra-animate accountra-move-up accountra-delay-5 has-forth-color has-text-color\">\n<p class=\"has-text-align-center has-forth-color has-text-color has-tiny-font-size\" style=\"font-style:normal;font-weight:300\"><strong>G\u00fcncel blog yaz\u0131lar\u0131m\u0131z.<\/strong><\/p>\n<\/div>\n<\/div>\n\n\n\n<div class=\"is-layout-constrained wp-block-group\">\n<div class=\"is-layout-flow wp-block-query\"><\/div>\n<\/div>\n<\/main>\n","protected":false},"excerpt":{"rendered":"","protected":false},"author":1,"featured_media":0,"parent":0,"menu_order":0,"comment_status":"closed","ping_status":"closed","template":"","meta":{"_mi_skip_tracking":false,"_joinchat":[]},"aioseo_notices":[],"_links":{"self":[{"href":"https:\/\/eylmalimusavirlik.com\/index.php\/wp-json\/wp\/v2\/pages\/242"}],"collection":[{"href":"https:\/\/eylmalimusavirlik.com\/index.php\/wp-json\/wp\/v2\/pages"}],"about":[{"href":"https:\/\/eylmalimusavirlik.com\/index.php\/wp-json\/wp\/v2\/types\/page"}],"author":[{"embeddable":true,"href":"https:\/\/eylmalimusavirlik.com\/index.php\/wp-json\/wp\/v2\/users\/1"}],"replies":[{"embeddable":true,"href":"https:\/\/eylmalimusavirlik.com\/index.php\/wp-json\/wp\/v2\/comments?post=242"}],"version-history":[{"count":1,"href":"https:\/\/eylmalimusavirlik.com\/index.php\/wp-json\/wp\/v2\/pages\/242\/revisions"}],"predecessor-version":[{"id":243,"href":"https:\/\/eylmalimusavirlik.com\/index.php\/wp-json\/wp\/v2\/pages\/242\/revisions\/243"}],"wp:attachment":[{"href":"https:\/\/eylmalimusavirlik.com\/index.php\/wp-json\/wp\/v2\/media?parent=242"}],"curies":[{"name":"wp","href":"https:\/\/api.w.org\/{rel}","templated":true}]}}