{"id":262,"date":"2023-03-02T15:49:28","date_gmt":"2023-03-02T15:49:28","guid":{"rendered":"https:\/\/eylmalimusavirlik.com\/?page_id=262"},"modified":"2023-03-02T15:49:29","modified_gmt":"2023-03-02T15:49:29","slug":"asgari-ucret-ve-asgari-ucrete-iliskin-hesaplamalar","status":"publish","type":"page","link":"https:\/\/eylmalimusavirlik.com\/index.php\/asgari-ucret-ve-asgari-ucrete-iliskin-hesaplamalar\/","title":{"rendered":"Asgari \u00dccret ve Asgari \u00dccrete \u0130li\u015fkin Hesaplamalar"},"content":{"rendered":"\n<p><br><br><\/p>\n\n\n\n<p>Asgari \u00fccret, T\u00fcrkiye&#8217;de \u00e7al\u0131\u015fan i\u015f\u00e7ilerin en d\u00fc\u015f\u00fck \u00fccret seviyesidir ve her y\u0131l yeniden belirlenir. Asgari \u00fccret, i\u015f\u00e7ilerin en temel ihtiya\u00e7lar\u0131n\u0131 kar\u015f\u0131layacak d\u00fczeyde olmas\u0131 gerekti\u011fi i\u00e7in, i\u015fverenler a\u00e7\u0131s\u0131ndan \u00f6nemli bir maliyet unsuru olarak kabul edilir.<\/p>\n\n\n\n<p>Asgari \u00fccretin belirlenmesi, T\u00fcrkiye \u0130statistik Kurumu (T\u00dc\u0130K) taraf\u0131ndan y\u00fcr\u00fct\u00fclen \u00e7al\u0131\u015fmalarla ger\u00e7ekle\u015ftirilir. Belirli bir takvim d\u00f6nemi i\u00e7in asgari \u00fccret belirlenirken, i\u015fverenlerin \u00f6deyecekleri toplam maliyet, vergi ve sigorta kesintileri dikkate al\u0131n\u0131r.<\/p>\n\n\n\n<p>Asgari \u00fccretin hesaplanmas\u0131, i\u015fverenler a\u00e7\u0131s\u0131ndan \u00f6nemlidir. \u00c7\u00fcnk\u00fc asgari \u00fccret \u00fczerinden hesaplanan vergi, sigorta kesintileri ve di\u011fer yasal \u00f6demeler i\u015fverenin mali y\u00fck\u00fcn\u00fc artt\u0131r\u0131r. \u0130\u015fverenler, br\u00fct asgari \u00fccret \u00fczerinden hesaplanan vergi, sigorta kesintileri ve di\u011fer yasal \u00f6demeleri dikkate alarak, net asgari \u00fccreti belirlemelidirler.<\/p>\n\n\n\n<p>Asgari \u00fccrete ili\u015fkin hesaplamalar, \u00e7al\u0131\u015fan\u0131n \u00e7al\u0131\u015fma s\u00fcresine, i\u015fverenin \u00f6deyece\u011fi vergi, sigorta kesintilerine ve di\u011fer yasal \u00f6demelere g\u00f6re de\u011fi\u015fiklik g\u00f6sterir. Bununla birlikte, genel olarak br\u00fct asgari \u00fccret \u00fczerinden hesaplamalar yap\u0131l\u0131r ve bu hesaplamalar net asgari \u00fccrete ula\u015fmak i\u00e7in yap\u0131l\u0131r. <br>Mali m\u00fc\u015favirler, i\u015fverenlere asgari \u00fccret ve asgari \u00fccrete ili\u015fkin hesaplamalar konusunda dan\u0131\u015fmanl\u0131k hizmeti vermekle y\u00fck\u00fcml\u00fcd\u00fcrler. Bu kapsamda, vergi, sigorta kesintileri ve di\u011fer yasal \u00f6demeler gibi maliyet unsurlar\u0131n\u0131n dikkate al\u0131narak do\u011fru hesaplamalar yap\u0131lmal\u0131 ve i\u015fverenlerin yasal y\u00fck\u00fcml\u00fcl\u00fcklerine uygun olarak net asgari \u00fccret tutarlar\u0131n\u0131n belirlenmesi sa\u011flanmal\u0131d\u0131r. Mali m\u00fc\u015favirler ayr\u0131ca, i\u015fverenlere asgari \u00fccretin belirlenmesindeki yasal s\u00fcre\u00e7ler hakk\u0131nda bilgi vererek, bu s\u00fcre\u00e7lerde i\u015fverenlerin yapmas\u0131 gerekenleri anlatmal\u0131 ve gerekli evraklar\u0131 haz\u0131rlamalar\u0131na yard\u0131mc\u0131 olmal\u0131d\u0131rlar.<br><br><\/p>\n","protected":false},"excerpt":{"rendered":"<p>Asgari \u00fccret, T\u00fcrkiye&#8217;de \u00e7al\u0131\u015fan i\u015f\u00e7ilerin en d\u00fc\u015f\u00fck \u00fccret seviyesidir ve her y\u0131l yeniden belirlenir. Asgari \u00fccret, i\u015f\u00e7ilerin en temel ihtiya\u00e7lar\u0131n\u0131 kar\u015f\u0131layacak d\u00fczeyde olmas\u0131 gerekti\u011fi i\u00e7in, i\u015fverenler a\u00e7\u0131s\u0131ndan \u00f6nemli bir maliyet unsuru olarak kabul edilir. Asgari \u00fccretin belirlenmesi, T\u00fcrkiye \u0130statistik Kurumu (T\u00dc\u0130K) taraf\u0131ndan y\u00fcr\u00fct\u00fclen \u00e7al\u0131\u015fmalarla ger\u00e7ekle\u015ftirilir. Belirli bir takvim d\u00f6nemi i\u00e7in asgari \u00fccret belirlenirken, i\u015fverenlerin \u00f6deyecekleri toplam maliyet, vergi ve sigorta kesintileri dikkate al\u0131n\u0131r. Asgari \u00fccretin hesaplanmas\u0131, i\u015fverenler a\u00e7\u0131s\u0131ndan \u00f6nemlidir. \u00c7\u00fcnk\u00fc asgari \u00fccret \u00fczerinden hesaplanan vergi, sigorta kesintileri ve di\u011fer yasal \u00f6demeler i\u015fverenin mali y\u00fck\u00fcn\u00fc artt\u0131r\u0131r. \u0130\u015fverenler, br\u00fct asgari \u00fccret \u00fczerinden hesaplanan vergi, sigorta kesintileri ve di\u011fer yasal \u00f6demeleri dikkate alarak,<\/p>\n","protected":false},"author":1,"featured_media":0,"parent":0,"menu_order":0,"comment_status":"closed","ping_status":"closed","template":"","meta":{"_mi_skip_tracking":false,"_joinchat":[]},"aioseo_notices":[],"_links":{"self":[{"href":"https:\/\/eylmalimusavirlik.com\/index.php\/wp-json\/wp\/v2\/pages\/262"}],"collection":[{"href":"https:\/\/eylmalimusavirlik.com\/index.php\/wp-json\/wp\/v2\/pages"}],"about":[{"href":"https:\/\/eylmalimusavirlik.com\/index.php\/wp-json\/wp\/v2\/types\/page"}],"author":[{"embeddable":true,"href":"https:\/\/eylmalimusavirlik.com\/index.php\/wp-json\/wp\/v2\/users\/1"}],"replies":[{"embeddable":true,"href":"https:\/\/eylmalimusavirlik.com\/index.php\/wp-json\/wp\/v2\/comments?post=262"}],"version-history":[{"count":1,"href":"https:\/\/eylmalimusavirlik.com\/index.php\/wp-json\/wp\/v2\/pages\/262\/revisions"}],"predecessor-version":[{"id":265,"href":"https:\/\/eylmalimusavirlik.com\/index.php\/wp-json\/wp\/v2\/pages\/262\/revisions\/265"}],"wp:attachment":[{"href":"https:\/\/eylmalimusavirlik.com\/index.php\/wp-json\/wp\/v2\/media?parent=262"}],"curies":[{"name":"wp","href":"https:\/\/api.w.org\/{rel}","templated":true}]}}