{"id":266,"date":"2023-03-02T15:51:33","date_gmt":"2023-03-02T15:51:33","guid":{"rendered":"https:\/\/eylmalimusavirlik.com\/?page_id=266"},"modified":"2023-03-02T15:53:20","modified_gmt":"2023-03-02T15:53:20","slug":"kdv-genel-tebligine-gore-guncel-kdv-tevkifat-oranlari","status":"publish","type":"page","link":"https:\/\/eylmalimusavirlik.com\/index.php\/kdv-genel-tebligine-gore-guncel-kdv-tevkifat-oranlari\/","title":{"rendered":"KDV Genel Tebli\u011fine G\u00f6re G\u00fcncel KDV Tevkifat Oranlar\u0131"},"content":{"rendered":"\n<p><br><\/p>\n\n\n\n<p>KDV Genel Tebli\u011fi&#8217;ne g\u00f6re, KDV tevkifat\u0131 yap\u0131lacak i\u015flemler ve bu i\u015flemlere ili\u015fkin tevkifat oranlar\u0131 belirlenmi\u015ftir. Bu oranlar, i\u015flemin niteli\u011fine g\u00f6re de\u011fi\u015fiklik g\u00f6stermektedir.<\/p>\n\n\n\n<p>Buna g\u00f6re, gayrimenkul ve in\u015faat i\u015fleri ile ilgili i\u015flemlerde KDV tevkifat oran\u0131 %3&#8217;t\u00fcr. Yap\u0131 denetim hizmetlerinde ise bu oran %10 olarak belirlenmi\u015ftir. Ta\u015f\u0131mac\u0131l\u0131k hizmetlerinde KDV tevkifat oran\u0131 %1&#8217;dir.<\/p>\n\n\n\n<p>Di\u011fer taraftan, y\u00fcklenici veya m\u00fc\u015favir taraf\u0131ndan i\u015fverene yap\u0131lan hizmetlerde KDV tevkifat\u0131 yap\u0131lmas\u0131 gerekmektedir. Bu durumda tevkifat oran\u0131 %18 olarak belirlenmi\u015ftir.<\/p>\n\n\n\n<p>Ayr\u0131ca, yurt d\u0131\u015f\u0131ndan temin edilen hizmetlerde de KDV tevkifat\u0131 yap\u0131lmas\u0131 gerekmektedir. Bu durumda tevkifat oran\u0131 ise %18 olarak belirlenmi\u015ftir.<\/p>\n\n\n\n<p>Mali m\u00fc\u015favirler, m\u00fc\u015fterilerine KDV tevkifat oranlar\u0131 konusunda dan\u0131\u015fmanl\u0131k hizmeti vermekle y\u00fck\u00fcml\u00fcd\u00fcrler. Bu kapsamda, i\u015flemin niteli\u011fine g\u00f6re do\u011fru tevkifat oranlar\u0131n\u0131n belirlenmesi ve uygulanmas\u0131 b\u00fcy\u00fck \u00f6nem ta\u015f\u0131maktad\u0131r. Mali m\u00fc\u015favirler, KDV tevkifat\u0131 yap\u0131lmas\u0131 gereken i\u015flemleri belirleyerek, ilgili oranlar\u0131 do\u011fru bir \u015fekilde uygulamal\u0131 ve bu konuda m\u00fc\u015fterilerini do\u011fru \u015fekilde bilgilendirmelidirler.<br><br><\/p>\n","protected":false},"excerpt":{"rendered":"<p>KDV Genel Tebli\u011fi&#8217;ne g\u00f6re, KDV tevkifat\u0131 yap\u0131lacak i\u015flemler ve bu i\u015flemlere ili\u015fkin tevkifat oranlar\u0131 belirlenmi\u015ftir. Bu oranlar, i\u015flemin niteli\u011fine g\u00f6re de\u011fi\u015fiklik g\u00f6stermektedir. Buna g\u00f6re, gayrimenkul ve in\u015faat i\u015fleri ile ilgili i\u015flemlerde KDV tevkifat oran\u0131 %3&#8217;t\u00fcr. Yap\u0131 denetim hizmetlerinde ise bu oran %10 olarak belirlenmi\u015ftir. Ta\u015f\u0131mac\u0131l\u0131k hizmetlerinde KDV tevkifat oran\u0131 %1&#8217;dir. Di\u011fer taraftan, y\u00fcklenici veya m\u00fc\u015favir taraf\u0131ndan i\u015fverene yap\u0131lan hizmetlerde KDV tevkifat\u0131 yap\u0131lmas\u0131 gerekmektedir. Bu durumda tevkifat oran\u0131 %18 olarak belirlenmi\u015ftir. Ayr\u0131ca, yurt d\u0131\u015f\u0131ndan temin edilen hizmetlerde de KDV tevkifat\u0131 yap\u0131lmas\u0131 gerekmektedir. Bu durumda tevkifat oran\u0131 ise %18 olarak belirlenmi\u015ftir. Mali m\u00fc\u015favirler, m\u00fc\u015fterilerine KDV tevkifat oranlar\u0131 konusunda dan\u0131\u015fmanl\u0131k hizmeti vermekle y\u00fck\u00fcml\u00fcd\u00fcrler.<\/p>\n","protected":false},"author":1,"featured_media":0,"parent":0,"menu_order":0,"comment_status":"closed","ping_status":"closed","template":"","meta":{"_mi_skip_tracking":false,"_joinchat":[]},"aioseo_notices":[],"_links":{"self":[{"href":"https:\/\/eylmalimusavirlik.com\/index.php\/wp-json\/wp\/v2\/pages\/266"}],"collection":[{"href":"https:\/\/eylmalimusavirlik.com\/index.php\/wp-json\/wp\/v2\/pages"}],"about":[{"href":"https:\/\/eylmalimusavirlik.com\/index.php\/wp-json\/wp\/v2\/types\/page"}],"author":[{"embeddable":true,"href":"https:\/\/eylmalimusavirlik.com\/index.php\/wp-json\/wp\/v2\/users\/1"}],"replies":[{"embeddable":true,"href":"https:\/\/eylmalimusavirlik.com\/index.php\/wp-json\/wp\/v2\/comments?post=266"}],"version-history":[{"count":1,"href":"https:\/\/eylmalimusavirlik.com\/index.php\/wp-json\/wp\/v2\/pages\/266\/revisions"}],"predecessor-version":[{"id":267,"href":"https:\/\/eylmalimusavirlik.com\/index.php\/wp-json\/wp\/v2\/pages\/266\/revisions\/267"}],"wp:attachment":[{"href":"https:\/\/eylmalimusavirlik.com\/index.php\/wp-json\/wp\/v2\/media?parent=266"}],"curies":[{"name":"wp","href":"https:\/\/api.w.org\/{rel}","templated":true}]}}