{"id":268,"date":"2023-03-02T16:03:38","date_gmt":"2023-03-02T16:03:38","guid":{"rendered":"https:\/\/eylmalimusavirlik.com\/?page_id=268"},"modified":"2023-03-02T16:03:39","modified_gmt":"2023-03-02T16:03:39","slug":"yillik-ucretli-izinler","status":"publish","type":"page","link":"https:\/\/eylmalimusavirlik.com\/index.php\/yillik-ucretli-izinler\/","title":{"rendered":"Y\u0131ll\u0131k \u00dccretli \u0130zinler"},"content":{"rendered":"\n<p><br><\/p>\n\n\n\n<p>Y\u0131ll\u0131k \u00fccretli izin, bir \u00e7al\u0131\u015fan\u0131n i\u015fvereninin ona y\u0131lda belirli bir s\u00fcre i\u00e7in \u00fccretli izin vermesi anlam\u0131na gelir. Bu izinler, i\u015f\u00e7ilerin dinlenme, tatil yapma, seyahat etme veya aileleriyle vakit ge\u00e7irme gibi ki\u015fisel nedenlerle kullanabilecekleri \u00fccretli bir tatil t\u00fcr\u00fcd\u00fcr.<\/p>\n\n\n\n<p>Mali m\u00fc\u015favirlik standartlar\u0131na uygun olarak, y\u0131ll\u0131k \u00fccretli izinlerle ilgili baz\u0131 \u00f6nemli hususlar bulunmaktad\u0131r. \u00d6ncelikle, \u00e7al\u0131\u015fanlar\u0131n y\u0131ll\u0131k izinlerinin hesaplanmas\u0131 ve kullan\u0131m\u0131 konusunda a\u00e7\u0131k ve net bir politika belirlenmelidir. Bu politika, i\u015fverenin y\u0131ll\u0131k izin verme s\u00fcresi, kullan\u0131m ko\u015fullar\u0131, haklar\u0131n devri gibi hususlar\u0131 kapsamal\u0131d\u0131r.<\/p>\n\n\n\n<p>Y\u0131ll\u0131k \u00fccretli izinlerin hesaplanmas\u0131, \u00e7al\u0131\u015fanlar\u0131n y\u0131ll\u0131k \u00fccretleri \u00fczerinden belirlenir. \u0130\u015fverenler, \u00e7al\u0131\u015fanlar\u0131n y\u0131ll\u0131k izinlerini belirlerken, kanunen belirlenmi\u015f asgari izin s\u00fcresini sa\u011flamak zorundad\u0131rlar. \u00dcstelik, y\u0131ll\u0131k izin s\u00fcresi, \u00e7al\u0131\u015fan\u0131n \u00e7al\u0131\u015fma s\u00fcresine g\u00f6re artabilir.<\/p>\n\n\n\n<p>\u0130\u015fverenlerin y\u0131ll\u0131k izinler konusunda dikkat etmeleri gereken bir di\u011fer husus ise, \u00e7al\u0131\u015fanlar\u0131n izinlerini kullanmalar\u0131n\u0131 sa\u011flamakt\u0131r. \u0130\u015fverenler, \u00e7al\u0131\u015fanlar\u0131n y\u0131ll\u0131k izinlerini kullanmalar\u0131n\u0131 te\u015fvik etmeli ve izinlerini kullanmak istemeyen \u00e7al\u0131\u015fanlara kar\u015f\u0131 gerekli \u00f6nlemleri almal\u0131d\u0131r.<\/p>\n\n\n\n<p>Ayr\u0131ca, y\u0131ll\u0131k izinlerin kullan\u0131m\u0131 konusunda belirlenen politikalar, i\u015fverenlerin yasal gereklilikleri yerine getirmesi ve \u00e7al\u0131\u015fanlar\u0131n\u0131n tatil yaparak dinlenmelerini sa\u011flamas\u0131 a\u00e7\u0131s\u0131ndan \u00f6nemlidir. \u0130\u015fverenlerin bu politikalara uygun hareket etmeleri, hem \u00e7al\u0131\u015fanlar\u0131n\u0131n tatil yapma hakk\u0131n\u0131 korurken hem de i\u015fverenlerin yasal y\u00fck\u00fcml\u00fcl\u00fcklerini yerine getirmesine yard\u0131mc\u0131 olur.<br><br><\/p>\n","protected":false},"excerpt":{"rendered":"<p>Y\u0131ll\u0131k \u00fccretli izin, bir \u00e7al\u0131\u015fan\u0131n i\u015fvereninin ona y\u0131lda belirli bir s\u00fcre i\u00e7in \u00fccretli izin vermesi anlam\u0131na gelir. Bu izinler, i\u015f\u00e7ilerin dinlenme, tatil yapma, seyahat etme veya aileleriyle vakit ge\u00e7irme gibi ki\u015fisel nedenlerle kullanabilecekleri \u00fccretli bir tatil t\u00fcr\u00fcd\u00fcr. Mali m\u00fc\u015favirlik standartlar\u0131na uygun olarak, y\u0131ll\u0131k \u00fccretli izinlerle ilgili baz\u0131 \u00f6nemli hususlar bulunmaktad\u0131r. \u00d6ncelikle, \u00e7al\u0131\u015fanlar\u0131n y\u0131ll\u0131k izinlerinin hesaplanmas\u0131 ve kullan\u0131m\u0131 konusunda a\u00e7\u0131k ve net bir politika belirlenmelidir. Bu politika, i\u015fverenin y\u0131ll\u0131k izin verme s\u00fcresi, kullan\u0131m ko\u015fullar\u0131, haklar\u0131n devri gibi hususlar\u0131 kapsamal\u0131d\u0131r. Y\u0131ll\u0131k \u00fccretli izinlerin hesaplanmas\u0131, \u00e7al\u0131\u015fanlar\u0131n y\u0131ll\u0131k \u00fccretleri \u00fczerinden belirlenir. \u0130\u015fverenler, \u00e7al\u0131\u015fanlar\u0131n y\u0131ll\u0131k izinlerini belirlerken, kanunen belirlenmi\u015f asgari izin s\u00fcresini sa\u011flamak zorundad\u0131rlar. \u00dcstelik,<\/p>\n","protected":false},"author":1,"featured_media":0,"parent":0,"menu_order":0,"comment_status":"closed","ping_status":"closed","template":"","meta":{"_mi_skip_tracking":false,"_joinchat":[]},"aioseo_notices":[],"_links":{"self":[{"href":"https:\/\/eylmalimusavirlik.com\/index.php\/wp-json\/wp\/v2\/pages\/268"}],"collection":[{"href":"https:\/\/eylmalimusavirlik.com\/index.php\/wp-json\/wp\/v2\/pages"}],"about":[{"href":"https:\/\/eylmalimusavirlik.com\/index.php\/wp-json\/wp\/v2\/types\/page"}],"author":[{"embeddable":true,"href":"https:\/\/eylmalimusavirlik.com\/index.php\/wp-json\/wp\/v2\/users\/1"}],"replies":[{"embeddable":true,"href":"https:\/\/eylmalimusavirlik.com\/index.php\/wp-json\/wp\/v2\/comments?post=268"}],"version-history":[{"count":1,"href":"https:\/\/eylmalimusavirlik.com\/index.php\/wp-json\/wp\/v2\/pages\/268\/revisions"}],"predecessor-version":[{"id":269,"href":"https:\/\/eylmalimusavirlik.com\/index.php\/wp-json\/wp\/v2\/pages\/268\/revisions\/269"}],"wp:attachment":[{"href":"https:\/\/eylmalimusavirlik.com\/index.php\/wp-json\/wp\/v2\/media?parent=268"}],"curies":[{"name":"wp","href":"https:\/\/api.w.org\/{rel}","templated":true}]}}